{"id":103,"date":"2020-03-26T10:35:11","date_gmt":"2020-03-26T10:35:11","guid":{"rendered":"https:\/\/xn--espaolito-o6a.es\/?page_id=103"},"modified":"2023-10-24T17:40:08","modified_gmt":"2023-10-24T17:40:08","slug":"emigrantes","status":"publish","type":"page","link":"https:\/\/xn--espaolito-o6a.es\/index.php\/emigrantes\/","title":{"rendered":"EMIGRANTES"},"content":{"rendered":"<p><strong>\u00a1EMIGRANTES\u2026! (1915)<\/strong><\/p>\n<p><em>Relato con toques autobiogr\u00e1ficos sobre la emigraci\u00f3n espa\u00f1ola a Am\u00e9rica en el cambio del siglo XIX al XX. Se basa en la vicisitudes de tres emigrados con distinta fortuna. Este libro motiv\u00f3 una campa\u00f1a en peri\u00f3dicos cubanos hispanofobos proponiendo la expulsi\u00f3n del autor de Cuba.<\/em><\/p>\n<hr \/>\n<p><em><a href=\"\/?pdfemb-serveurl=https%3A%2F%2Fxn--espaolito-o6a.es%2Fwp-content%2Fuploads%2Fsecurepdfs%2F2023%2F10%2FEMIGRANTES-1915.pdf\" class=\"pdfemb-viewer\" style=\"\" data-width=\"max\" data-height=\"max\" data-mobile-width=\"500\"  data-scrollbar=\"vertical\" data-download=\"off\" data-tracking=\"on\" data-newwindow=\"on\" data-pagetextbox=\"off\" data-scrolltotop=\"on\" data-startzoom=\"100\" data-startfpzoom=\"100\" data-download-nonce=\"f57b5e3719\" data-disablerightclick=\"on\" data-toolbar=\"top\" data-toolbar-fixed=\"on\">EMIGRANTES (1915)<br\/><\/a><\/em><\/p>\n","protected":false},"excerpt":{"rendered":"<p>\u00a1EMIGRANTES\u2026! (1915) Relato con toques autobiogr\u00e1ficos sobre la emigraci\u00f3n espa\u00f1ola a Am\u00e9rica en el cambio del siglo XIX al XX. Se basa en la vicisitudes de tres emigrados con distinta fortuna. Este libro motiv\u00f3 una campa\u00f1a en peri\u00f3dicos cubanos hispanofobos proponiendo la expulsi\u00f3n del autor de Cuba.<\/p>\n","protected":false},"author":1,"featured_media":0,"parent":0,"menu_order":0,"comment_status":"closed","ping_status":"closed","template":"","meta":{"_et_pb_use_builder":"","_et_pb_old_content":"","_et_gb_content_width":"","footnotes":""},"class_list":["post-103","page","type-page","status-publish","hentry"],"_links":{"self":[{"href":"https:\/\/xn--espaolito-o6a.es\/index.php\/wp-json\/wp\/v2\/pages\/103","targetHints":{"allow":["GET"]}}],"collection":[{"href":"https:\/\/xn--espaolito-o6a.es\/index.php\/wp-json\/wp\/v2\/pages"}],"about":[{"href":"https:\/\/xn--espaolito-o6a.es\/index.php\/wp-json\/wp\/v2\/types\/page"}],"author":[{"embeddable":true,"href":"https:\/\/xn--espaolito-o6a.es\/index.php\/wp-json\/wp\/v2\/users\/1"}],"replies":[{"embeddable":true,"href":"https:\/\/xn--espaolito-o6a.es\/index.php\/wp-json\/wp\/v2\/comments?post=103"}],"version-history":[{"count":8,"href":"https:\/\/xn--espaolito-o6a.es\/index.php\/wp-json\/wp\/v2\/pages\/103\/revisions"}],"predecessor-version":[{"id":288,"href":"https:\/\/xn--espaolito-o6a.es\/index.php\/wp-json\/wp\/v2\/pages\/103\/revisions\/288"}],"wp:attachment":[{"href":"https:\/\/xn--espaolito-o6a.es\/index.php\/wp-json\/wp\/v2\/media?parent=103"}],"curies":[{"name":"wp","href":"https:\/\/api.w.org\/{rel}","templated":true}]}}