{"id":260,"date":"2020-05-06T10:16:26","date_gmt":"2020-05-06T10:16:26","guid":{"rendered":"https:\/\/xn--espaolito-o6a.es\/?page_id=260"},"modified":"2021-10-14T16:42:02","modified_gmt":"2021-10-14T16:42:02","slug":"florez-estrada-obras","status":"publish","type":"page","link":"https:\/\/xn--espaolito-o6a.es\/index.php\/florez-estrada-obras\/","title":{"rendered":"Fl\u00f3rez Estrada &#8211; Obras"},"content":{"rendered":"<p>[et_pb_section fb_built=\u00bb1&#8243; _builder_version=\u00bb4.4.4&#8243; background_enable_image=\u00bboff\u00bb background_size=\u00bbinitial\u00bb background_position=\u00bbtop_left\u00bb custom_margin=\u00bb||-183px|||\u00bb][et_pb_row column_structure=\u00bb1_2,1_2&#8243; _builder_version=\u00bb4.4.4&#8243; custom_margin=\u00bb|150px||366px|false|false\u00bb][et_pb_column type=\u00bb1_2&#8243; _builder_version=\u00bb4.4.4&#8243;][et_pb_image src=\u00bbhttps:\/\/xn--espaolito-o6a.es\/wp-content\/uploads\/2020\/05\/\u00c1lvaro_Fl\u00f3rez_Estrada2-1.jpg\u00bb title_text=\u00bb\u00c1lvaro_Fl\u00f3rez_Estrada2&#8243; _builder_version=\u00bb4.4.4&#8243;][\/et_pb_image][\/et_pb_column][et_pb_column type=\u00bb1_2&#8243; _builder_version=\u00bb4.4.4&#8243;][et_pb_text _builder_version=\u00bb4.4.4&#8243; custom_margin=\u00bb||2px|||\u00bb]<\/p>\n<h1 style=\"text-align: center;\"><strong>\u00c1LVARO FL\u00d3REZ ESTRADA<\/strong><\/h1>\n<h1><strong>\u00a0<\/strong><\/h1>\n<p>[\/et_pb_text][et_pb_text _builder_version=\u00bb4.4.4&#8243; text_font=\u00bbTimes New Roman||||||||\u00bb text_font_size=\u00bb25px\u00bb custom_padding=\u00bb0px||0px|||\u00bb]<\/p>\n<h3><strong>EL HOMBRE, EL PENSADOR, LAS OBRAS<\/strong><\/h3>\n<h3 style=\"padding-left: 30px;\" id=\"h33sk9ny8urd1p6ovtu1l1oi7kmvz6mm\"><a href=\"https:\/\/xn--espaolito-o6a.es\/index.php\/florez-estrada-el-hombre-el-pensador-las-obras-referencias-bibliograficas\/\"><strong><\/strong><\/a><\/h3>\n<ul>\n<li style=\"padding-left: 30px;\"><a href=\"https:\/\/xn--espaolito-o6a.es\/index.php\/florez-estrada-el-hombre-el-pensador-las-obras-preambulo\/\"><strong>Pre\u00e1mbulo<\/strong><\/a><\/li>\n<\/ul>\n<p>&nbsp;<\/p>\n<p>[\/et_pb_text][\/et_pb_column][\/et_pb_row][et_pb_row _builder_version=\u00bb4.4.4&#8243; custom_margin=\u00bb|150px||402px|false|false\u00bb custom_padding=\u00bb0px|||||\u00bb][et_pb_column type=\u00bb4_4&#8243; _builder_version=\u00bb4.4.4&#8243;][et_pb_text _builder_version=\u00bb4.4.4&#8243;]<\/p>\n<h2 style=\"text-align: center;\"><strong>OBRAS EXTRACTADAS<\/strong><\/h2>\n<p>&nbsp;<\/p>\n<p>[\/et_pb_text][\/et_pb_column][\/et_pb_row][et_pb_row column_structure=\u00bb1_2,1_2&#8243; _builder_version=\u00bb4.4.4&#8243; custom_margin=\u00bb|150px||402px|false|false\u00bb][et_pb_column type=\u00bb1_2&#8243; _builder_version=\u00bb4.4.4&#8243;][et_pb_text _builder_version=\u00bb4.9.7&#8243; hover_enabled=\u00bb0&#8243; sticky_enabled=\u00bb0&#8243;]<\/p>\n<h3><a href=\"https:\/\/espa\u00f1olito.es\/index.php\/florez-estrada-obras-economia-politica\/\">Econom\u00eda pol\u00edtica<\/a><\/h3>\n<h3><a href=\"https:\/\/xn--espaolito-o6a.es\/index.php\/florez-estrada-obras-sistema-mercantil-de-colbert\/\">Sistema mercantil o de Colbert<\/a><\/h3>\n<h3><a href=\"https:\/\/xn--espaolito-o6a.es\/index.php\/florez-estrada-obras-sistema-agricola-o-de-quesnay\/\">Sistema agr\u00edcola o de Quesnay<\/a><\/h3>\n<h3><a href=\"https:\/\/xn--espaolito-o6a.es\/index.php\/florez-estrada-obras-sistema-industrial-o-de-smith\/\">Sistema industrial o de Smith<\/a><\/h3>\n<h3><a href=\"https:\/\/xn--espaolito-o6a.es\/index.php\/florez-estrada-obras-economistas-posteriores-a-smith\/\">Economistas posteriores a Smith<\/a><\/h3>\n<h3><a href=\"https:\/\/xn--espaolito-o6a.es\/index.php\/florez-estrada-obras-definicion-de-produccion\/\">Definici\u00f3n de producci\u00f3n<\/a><\/h3>\n<h3><a href=\"https:\/\/xn--espaolito-o6a.es\/index.php\/florez-estrada-obras-trabajo\/\">Trabajo<\/a><\/h3>\n<h3><a href=\"https:\/\/xn--espaolito-o6a.es\/index.php\/florez-estrada-obras-division-del-trabajo\/\">Divisi\u00f3n del trabajo<\/a><\/h3>\n<h3><a href=\"https:\/\/xn--espaolito-o6a.es\/index.php\/florez-estrada-obras-propiedad\/\">Propiedad<\/a><\/h3>\n<h3><a href=\"https:\/\/xn--espaolito-o6a.es\/index.php\/florez-estrada-obras-propiedad-territorial\/\">Propiedad territorial<\/a><\/h3>\n<h3><a href=\"https:\/\/xn--espaolito-o6a.es\/index.php\/florez-estrada-obras-enfiteusis\/\">Enfiteusis<\/a><\/h3>\n<h3><a href=\"https:\/\/xn--espaolito-o6a.es\/index.php\/florez-estrada-obras-riqueza\/\">Riqueza<\/a><\/h3>\n<h3><a href=\"https:\/\/xn--espaolito-o6a.es\/index.php\/florez-estrada-obras-capital\/\">Capital<\/a><\/h3>\n<h3><a href=\"https:\/\/xn--espaolito-o6a.es\/index.php\/florez-estrada-obras-maquinismo\/\">Maquinismo<\/a><\/h3>\n<h3 id=\"h_836818511151634225465252\"><a href=\"https:\/\/xn--espaolito-o6a.es\/index.php\/florez-estrada-obras-primeras-materias\/\">Pimeras materias<\/a><\/h3>\n<h3 id=\"h_647343735361634225580489\"><a href=\"https:\/\/xn--espaolito-o6a.es\/index.php\/florez-estrada-obras-metales-preciosos\/\">Metales preciosos<\/a><\/h3>\n<h3 id=\"h_146973288561634225739581\"><a href=\"https:\/\/xn--espaolito-o6a.es\/index.php\/florez-estrada-obras-agricultura-industria\/\">Agricultura e industria<\/a><\/h3>\n<h3 id=\"h_598846020751634225840803\"><a href=\"https:\/\/xn--espaolito-o6a.es\/index.php\/florez-estrada-obras-credito\/\">Cr\u00e9dito<\/a><\/h3>\n<h3><a href=\"https:\/\/xn--espaolito-o6a.es\/index.php\/florez-estrada-obras-poblacion\/\">Poblaci\u00f3n<\/a><\/h3>\n<h3><a href=\"https:\/\/xn--espaolito-o6a.es\/index.php\/florez-estrada-obras-inmigracion\/\">Inmigracion<\/a><\/h3>\n<h3><a href=\"https:\/\/xn--espaolito-o6a.es\/index.php\/florez-estrada-obras-prosperidad\/\">Prosperidad<\/a><\/h3>\n<p>[\/et_pb_text][\/et_pb_column][et_pb_column type=\u00bb1_2&#8243; _builder_version=\u00bb4.4.4&#8243;][et_pb_text _builder_version=\u00bb4.9.7&#8243; hover_enabled=\u00bb0&#8243; sticky_enabled=\u00bb0&#8243;]<\/p>\n<h3><a href=\"https:\/\/espa\u00f1olito.es\/index.php\/florez-estrada-obras-pobreza\/\">Pobreza<\/a><\/h3>\n<h3><a href=\"https:\/\/espa\u00f1olito.es\/index.php\/florez-estrada-obras-circulacion\/\">Circulaci\u00f3n<\/a><\/h3>\n<h3><a href=\"https:\/\/espa\u00f1olito.es\/index.php\/florez-estrada-obras-cambio\/\">Cambio o permuto<\/a><\/h3>\n<h3><a href=\"https:\/\/espa\u00f1olito.es\/index.php\/florez-estrada-obras-librecambio\/\">Librecambio<\/a><\/h3>\n<h3><a href=\"https:\/\/espa\u00f1olito.es\/index.php\/florez-estrada-obras-comercio\/\">Comercio<\/a><\/h3>\n<h3>Valor<\/h3>\n<h3>Comunicaciones<\/h3>\n<h3>Numerario<\/h3>\n<h3>Letras de cambio<\/h3>\n<h3>Bancos<\/h3>\n<h3>Conceptos generales- Definici\u00f3n<\/h3>\n<h3>Consumo productivo<\/h3>\n<h3>Consumo improductivo<\/h3>\n<h3>Incremento de la riqueza<\/h3>\n<h3>Estado protector<\/h3>\n<h3>Monopolios<\/h3>\n<h3>Comercio colonial<\/h3>\n<h3>Cr\u00e9dito p\u00fablico<\/h3>\n<h3>Renta p\u00fablica<\/h3>\n<h3>Sistema tributario equitativo<\/h3>\n<h3>Tributaci\u00f3n espa\u00f1ola<\/h3>\n<h3>Impuestos directos<\/h3>\n<h3>Impuestos indirectos<\/h3>\n<p>[\/et_pb_text][\/et_pb_column][\/et_pb_row][\/et_pb_section]<\/p>\n","protected":false},"excerpt":{"rendered":"<p>\u00c1LVARO FL\u00d3REZ ESTRADA \u00a0EL HOMBRE, EL PENSADOR, LAS OBRAS Pre\u00e1mbulo &nbsp;OBRAS EXTRACTADAS &nbsp;Econom\u00eda pol\u00edtica Sistema mercantil o de Colbert Sistema agr\u00edcola o de Quesnay Sistema industrial o de Smith Economistas posteriores a Smith Definici\u00f3n de producci\u00f3n Trabajo Divisi\u00f3n del trabajo Propiedad Propiedad territorial Enfiteusis Riqueza Capital Maquinismo Pimeras materias Metales preciosos Agricultura e industria Cr\u00e9dito [&hellip;]<\/p>\n","protected":false},"author":1,"featured_media":0,"parent":0,"menu_order":0,"comment_status":"closed","ping_status":"closed","template":"","meta":{"_et_pb_use_builder":"on","_et_pb_old_content":"<p><img class=\"wp-image-173 size-full alignleft\" src=\"https:\/\/xn--espaolito-o6a.es\/wp-content\/uploads\/2020\/04\/\u00c1lvaro_Fl\u00f3rez_Estrada.jpg\" alt=\"\" width=\"646\" height=\"977\" \/>EL HOMBRE, EL PENSADOR, LAS OBRAS <\/p><p>PRE\u00c1MBULO<\/p><p>ECONOM\u00cdA POL\u00cdTICA<\/p><p>SISTEMA MERCANTIL DE COLBERT<\/p><p>SISTEMA AGR\u00cdCOLA O DE QUESNAY<\/p><p>SISTEMA INDUSTRIAL O DE SMITH<\/p><p>DEFINICI\u00d3N PRODUCCI\u00d3N<\/p><p>TRABAJO<\/p><p>DIVISI\u00d3N DEL TRABAJO<\/p><p>PROPIEDAD<\/p><p>PROPIEDAD TERRITORIAL<\/p><p>ENFITEUSIS<\/p><p>RIQUEZA<\/p><p>CAPITAL<\/p><p>MAQUINISMO<\/p><p>PRIMERAS MATERIAS<\/p><p>METALES PRECIOSOS<\/p><p>AGRICULTURA E INDUSTRIA<\/p><p>CR\u00c9DITO<\/p><p>POBLACI\u00d3N<\/p><p>INMIGRACI\u00d3N<\/p><p>PROSPERIDAD<\/p><p>POBREZA<\/p><p>CIRCULACI\u00d3N<\/p><p>CAMBIO O PERMUTO<\/p><p>LIBRECAMBIO<\/p><p>VALOR<\/p><p>COMUNICACIONES<\/p><p>NUMERARIO<\/p><p>LETRAS DE CAMBIO<\/p><p>BANCOS<\/p><p>CONCEPTOS GENERALES - DEFINICI\u00d3N<\/p><p>CONSUMO PRODUCTIVO<\/p><p>CONSUMO IMPRODUCTIVO<\/p><p>INCREMENTO DE LA RIQUEZA<\/p><p>ESTADO PRODUCTOR<\/p><p>MONOPOLIOS<\/p><p>COMERCIO COLONIAL<\/p><p>CR\u00c9DITO P\u00daBLICO<\/p><p>RENTA P\u00daBLICA<\/p><p>SISTEMA TRIBUTARIO EQUITATIVO<\/p><p>TRIBUTACI\u00d3N ESPA\u00d1OLA<\/p><p>IMPUESTOS DIRECTOS<\/p><p>IMPUESTOS INDIRECTOS<\/p><p>\u00a0<\/p><p>\u00a0<\/p><p>\u00a0<\/p><p>\u00a0<\/p>","_et_gb_content_width":"","footnotes":""},"class_list":["post-260","page","type-page","status-publish","hentry"],"_links":{"self":[{"href":"https:\/\/xn--espaolito-o6a.es\/index.php\/wp-json\/wp\/v2\/pages\/260","targetHints":{"allow":["GET"]}}],"collection":[{"href":"https:\/\/xn--espaolito-o6a.es\/index.php\/wp-json\/wp\/v2\/pages"}],"about":[{"href":"https:\/\/xn--espaolito-o6a.es\/index.php\/wp-json\/wp\/v2\/types\/page"}],"author":[{"embeddable":true,"href":"https:\/\/xn--espaolito-o6a.es\/index.php\/wp-json\/wp\/v2\/users\/1"}],"replies":[{"embeddable":true,"href":"https:\/\/xn--espaolito-o6a.es\/index.php\/wp-json\/wp\/v2\/comments?post=260"}],"version-history":[{"count":10,"href":"https:\/\/xn--espaolito-o6a.es\/index.php\/wp-json\/wp\/v2\/pages\/260\/revisions"}],"predecessor-version":[{"id":6122,"href":"https:\/\/xn--espaolito-o6a.es\/index.php\/wp-json\/wp\/v2\/pages\/260\/revisions\/6122"}],"wp:attachment":[{"href":"https:\/\/xn--espaolito-o6a.es\/index.php\/wp-json\/wp\/v2\/media?parent=260"}],"curies":[{"name":"wp","href":"https:\/\/api.w.org\/{rel}","templated":true}]}}