{"id":6236,"date":"2021-11-01T17:21:56","date_gmt":"2021-11-01T17:21:56","guid":{"rendered":"https:\/\/xn--espaolito-o6a.es\/?page_id=6236"},"modified":"2023-10-24T17:44:34","modified_gmt":"2023-10-24T17:44:34","slug":"ramonin","status":"publish","type":"page","link":"https:\/\/xn--espaolito-o6a.es\/index.php\/ramonin\/","title":{"rendered":"RAMON\u00cdN"},"content":{"rendered":"<p><strong>RAMON\u00cdN (1931)<\/strong><\/p>\n<p><em>Novela corta sobre Ram\u00f3n, un ni\u00f1o emigrante de Miracielo (Avil\u00e9s) a Barcelona y su vuelta, ya siendo un reconocido ingeniero a Saleras (Salinas) y San Juan de las Lluvias (de Nieva).<\/em><\/p>\n<hr \/>\n<a href=\"\/?pdfemb-serveurl=https%3A%2F%2Fxn--espaolito-o6a.es%2Fwp-content%2Fuploads%2Fsecurepdfs%2F2023%2F10%2FRAMONIN-1930.pdf\" class=\"pdfemb-viewer\" style=\"\" data-width=\"max\" data-height=\"max\" data-mobile-width=\"500\"  data-scrollbar=\"vertical\" data-download=\"off\" data-tracking=\"on\" data-newwindow=\"on\" data-pagetextbox=\"off\" data-scrolltotop=\"on\" data-startzoom=\"100\" data-startfpzoom=\"100\" data-download-nonce=\"da43abcbd1\" data-disablerightclick=\"on\" data-toolbar=\"top\" data-toolbar-fixed=\"on\">RAMONIN (1930)<br\/><\/a>\n","protected":false},"excerpt":{"rendered":"<p>RAMON\u00cdN (1931) Novela corta sobre Ram\u00f3n, un ni\u00f1o emigrante de Miracielo (Avil\u00e9s) a Barcelona y su vuelta, ya siendo un reconocido ingeniero a Saleras (Salinas) y San Juan de las Lluvias (de Nieva).<\/p>\n","protected":false},"author":1,"featured_media":0,"parent":0,"menu_order":0,"comment_status":"closed","ping_status":"closed","template":"","meta":{"_et_pb_use_builder":"","_et_pb_old_content":"","_et_gb_content_width":"","footnotes":""},"class_list":["post-6236","page","type-page","status-publish","hentry"],"_links":{"self":[{"href":"https:\/\/xn--espaolito-o6a.es\/index.php\/wp-json\/wp\/v2\/pages\/6236","targetHints":{"allow":["GET"]}}],"collection":[{"href":"https:\/\/xn--espaolito-o6a.es\/index.php\/wp-json\/wp\/v2\/pages"}],"about":[{"href":"https:\/\/xn--espaolito-o6a.es\/index.php\/wp-json\/wp\/v2\/types\/page"}],"author":[{"embeddable":true,"href":"https:\/\/xn--espaolito-o6a.es\/index.php\/wp-json\/wp\/v2\/users\/1"}],"replies":[{"embeddable":true,"href":"https:\/\/xn--espaolito-o6a.es\/index.php\/wp-json\/wp\/v2\/comments?post=6236"}],"version-history":[{"count":3,"href":"https:\/\/xn--espaolito-o6a.es\/index.php\/wp-json\/wp\/v2\/pages\/6236\/revisions"}],"predecessor-version":[{"id":8218,"href":"https:\/\/xn--espaolito-o6a.es\/index.php\/wp-json\/wp\/v2\/pages\/6236\/revisions\/8218"}],"wp:attachment":[{"href":"https:\/\/xn--espaolito-o6a.es\/index.php\/wp-json\/wp\/v2\/media?parent=6236"}],"curies":[{"name":"wp","href":"https:\/\/api.w.org\/{rel}","templated":true}]}}