{"id":77,"date":"2020-01-13T16:45:01","date_gmt":"2020-01-13T16:45:01","guid":{"rendered":"https:\/\/xn--espaolito-o6a.es\/?page_id=77"},"modified":"2023-10-24T17:46:08","modified_gmt":"2023-10-24T17:46:08","slug":"semblanza","status":"publish","type":"page","link":"https:\/\/xn--espaolito-o6a.es\/index.php\/semblanza\/","title":{"rendered":"Semblanza"},"content":{"rendered":"<p>[et_pb_section fb_built=\u00bb1&#8243; _builder_version=\u00bb4.16&#8243; global_colors_info=\u00bb{}\u00bb][et_pb_row column_structure=\u00bb2_5,3_5&#8243; _builder_version=\u00bb4.16&#8243; global_colors_info=\u00bb{}\u00bb][et_pb_column type=\u00bb2_5&#8243; _builder_version=\u00bb4.16&#8243; global_colors_info=\u00bb{}\u00bb][et_pb_image src=\u00bbhttps:\/\/xn--espaolito-o6a.es\/wp-content\/uploads\/2019\/11\/Constantino_Su\u00e1rez_Fern\u00e1ndez_1933.jpg\u00bb _builder_version=\u00bb4.16&#8243; global_colors_info=\u00bb{}\u00bb][\/et_pb_image][\/et_pb_column][et_pb_column type=\u00bb3_5&#8243; _builder_version=\u00bb4.16&#8243; global_colors_info=\u00bb{}\u00bb][et_pb_text _builder_version=\u00bb4.16&#8243; text_font_size=\u00bb16px\u00bb text_letter_spacing=\u00bb1px\u00bb text_line_height=\u00bb2.2em\u00bb text_orientation=\u00bbjustified\u00bb custom_margin=\u00bb||-13px|||\u00bb custom_padding=\u00bb||0px|||\u00bb global_colors_info=\u00bb{}\u00bb]<\/p>\n<p style=\"margin-bottom: 0cm; line-height: 120%; text-align: justify;\"><strong><em>El texto que sigue se debe a la pluma de D. Justo Ure\u00f1a y Hevia, ha sido extraido de la conferencia que iba a leer con motivo del centenario del nacimiento de Constantino Su\u00e1rez en el Instituto de Estudios Asturianos.<\/em><\/strong><\/p>\n<p style=\"margin-bottom: 0cm; line-height: 120%; text-align: justify;\">Constantino Federico Nicolas Su\u00e1rez Fern\u00e1ndez, naci\u00f3, en el avilesino barrio de Sabugo, el 10 de Septiembre de 1890 a las 8 de la ma\u00f1ana. Fueron sus padres Don Celestino Su\u00e1rez Grai\u00f1o, Abogado y durante muchos a\u00f1os Secretario del Juzgado y D\u00f1a Visitaci\u00f3n Fern\u00e1ndez Grai\u00f1o.<\/p>\n<p style=\"margin-bottom: 0cm; line-height: 120%; text-align: justify;\">En aquel a\u00f1o, Avil\u00e9s despertaba de la end\u00e9mica sonnolencia en que hab\u00eda dormitado durante todo el siglo, merced a las atinadas gestiones de alguno de sus hijos que hab\u00edan escalado puestos de responsabilidad en la pol\u00edtica de la naci\u00f3n.<\/p>\n<p style=\"margin-bottom: 0cm; line-height: 120%; text-align: justify;\">Se inician las obras de la d\u00e1rsena de San Juan de Nieva y las de la canalizaci\u00f3n de la R\u00eda, con la voladura de la terrible Rechalda; comienza el trazado de la carretera de uni\u00f3n del Puente de San Sebasti\u00e1n con el Puerto; llega el Ferrocarril; se explana el parque del Muelle; se inaugura el Cementerio de La Carriona y se publica el Diario de Avil\u00e9s.<\/p>\n<p style=\"margin-bottom: 0cm; line-height: 120%; text-align: justify;\">\n<p>[\/et_pb_text][\/et_pb_column][\/et_pb_row][et_pb_row _builder_version=\u00bb4.16&#8243; min_height=\u00bb2003.3px\u00bb global_colors_info=\u00bb{}\u00bb][et_pb_column type=\u00bb4_4&#8243; _builder_version=\u00bb4.16&#8243; global_colors_info=\u00bb{}\u00bb][et_pb_text admin_label=\u00bbTexto\u00bb _builder_version=\u00bb4.16&#8243; text_font_size=\u00bb16px\u00bb text_letter_spacing=\u00bb1px\u00bb text_line_height=\u00bb2.2em\u00bb text_orientation=\u00bbjustified\u00bb custom_margin=\u00bb-24px|||||\u00bb global_colors_info=\u00bb{}\u00bb]<\/p>\n<p style=\"margin-bottom: 0cm; line-height: 120%; text-align: justify;\">En aquella Villa, que se transforma, agitada por las rivalidades de dos irreconciliables bandos que llegaron a te\u00f1ir con sangre sus antagonismos, porque as\u00ed suelen terminar los enfrentamientos apasionados de los peque\u00f1os pueblos, viene a la vida nuestro personaje. Estudios primarios en la Escuela de Don Jos\u00e9 Benigno Garc\u00eda \u00abMarcos del Torniello\u00bb, como \u00e9l mismo le recordar\u00eda m\u00e1s tarde en entra\u00f1able carta; Bachillerato en Gij\u00f3n y Oviedo, iniciando despu\u00e9s los estudios de profesorado mercantil, que se ve obligado a abandonar para emigrar a Cuba, como tantos j\u00f3venes de su tiempo, en busca de un medio de vida. En realidad, aunque hab\u00eda nacido en una familia acomodada, su madre falleci\u00f3 dejando cinco hijos a\u00fan muy ni\u00f1os, y, su padre, haciendo, sin duda, bueno aquello que dicen de que \u00abel dolor del viudo es como el de los golpes en el codo, muy intenso, pero dura muy poco\u00bb, volvi\u00f3 a casar con una prol\u00edfica dama que le daba un nuevo hijo cada a\u00f1o, llegaron a ser l4, de manera que en aquella casa, ni hab\u00eda sitio ni medios para todos, fue esta la causa de su marcha apenas cumplidos 16 a\u00f1os.<\/p>\n<p style=\"margin-bottom: 0cm; line-height: 120%; text-align: justify;\">En Cuba, seg\u00fan los datos que \u00e9l mismo nos proporciona: \u00abNecesit\u00f3 empezar la lucha por la existencia trabajando en los m\u00e1s humildes menesteres\u00bb. \u00abNada contribuy\u00f3 a formar mi car\u00e1cter, dice, como aquel desenga\u00f1o sarc\u00e1stico de que sea preciso estudiar bachiller para ser criado y, ser criado para no dar en ladr\u00f3n u organillero\u00bb, su tes\u00f3n le va conquistando, poco a poco, la libertad que tanto anhelaba su esp\u00edritu independiente y pronto, puede dedicar a su pasi\u00f3n por la lectura el tiempo preciso para leer, durante varios a\u00f1os, un libro por d\u00eda, surgiendo, como fruto del acopio cultural que adquiere, sus primeros trabajos literarios,<\/p>\n<p style=\"margin-bottom: 0cm; line-height: 120%; text-align: justify;\">A partir de 1908, a los 18 a\u00f1os, comienza a enviar asiduamente, sus colaboraciones al \u00abDiario de Avil\u00e9s\u00bb, el peri\u00f3dico de su pueblo a\u00f1orado, su querida \u00abMiracielo\u00bb, como lo bautizar\u00eda en \u00abIsabelina\u00bb, la m\u00e1s le\u00edda de sus novelas, iniciando tambi\u00e9n sus publicaciones en los per\u00edodicos de La Habana \u00abDiario Espa\u00f1ol\u00bb, \u00abDiario de la Marina\u00bb y la Revista \u00abVoz Astur\u00bb, as\u00ed como en \u00abLa Correspondencia\u00bb de Cienfuegos, d\u00e1ndose a conocer como escritor, al llamar la atenci\u00f3n sus valientes campa\u00f1as y sus encendidas pol\u00e9micas en defensa de los valores morales, intelectuales, sociales e hist\u00f3ricos de Espa\u00f1a, frente a los propagadores de una falsa pol\u00edtica hispana, cuajada de calumnias, surgida a partir de 1898.<\/p>\n<p style=\"margin-bottom: 0cm; line-height: 120%; text-align: justify;\">Uno de sus m\u00e1s enconados adversarios firmaba \u00abCubanito\u00bb lo que en contraposici\u00f3n le vali\u00f3 el nombre de \u00abEspa\u00f1olito\u00bb, impuesto por los muchos lectores de uno y otro bando, y sin gustarle demasiado, como seud\u00f3nimo literario, acept\u00f3 con humilde sumisi\u00f3n lo que las circunstancias le impon\u00edan, al igual que no nos queda m\u00e1s remedio, en esta vida, que aceptar ser bajos, o gordos, o calvos, o feos, o llevar un nombre que tampoco nos agrada.<\/p>\n<p style=\"margin-bottom: 0cm; line-height: 120%; text-align: justify;\">A partir de 1913, utiliz\u00f3 ya siempre el seud\u00f3nimo de \u00abEspa\u00f1olito\u00bb, afianzando as\u00ed su condici\u00f3n hispana cuando estuvo a punto de ser expulsado de aquella tierra, Durante su permanencia en Cuba aparecen sus primeras novelas \u00a1Emigrantes! y Oros son triunfos; otros muchos escritos literarios; pronuncia diversas conferencias y publica la que hab\u00eda de ser su primera obra de paciente compilaci\u00f3n, el \u00abVocabulario de Voces Cubanas\u00bb, elogiosamente acogido por la cr\u00edtica.<\/p>\n<p style=\"margin-bottom: 0cm; line-height: 120%; text-align: justify;\">En 1921, regresa a Espa\u00f1a, tiene entonces 31 a\u00f1os, prosigue infatigable su tarea de escritor en colaboraciones aparecidas en los principales peri\u00f3dicos de Madrid, la Habana, Buenos Aires y en los Regionales y el de Avil\u00e9s.<\/p>\n<p style=\"margin-bottom: 0cm; line-height: 120%;\">En 1923, el Gobierno Espa\u00f1ol en premio a sus pati\u00f3tricas campa\u00f1as, le concede la Gran Cruz del M\u00e9rito Naval. El sol\u00eda decir con cierta iron\u00eda: \u00abEsto de Excmo. Se\u00f1or, resulta muy bien en las esquelas\u00bb,.<\/p>\n<p style=\"margin-bottom: 0cm; line-height: 120%; text-align: justify;\">Fallece su padre, cuando estaba a punto de contraer matrimonio, y lo hace en la m\u00e1s estricta intimidad, el 7 de Junio de 1924. La boda tiene lugar en la capilla de una casa de la familia de su esposa, en Trasona, y la \u00abSerrana\u00bb sirve un refrigerio a los invitados en el piso 2\u00ba de la casa n\u00ba 24 de la calle de La Fruta, futuro hogar de los nuevos esposos, regalo de boda de Don Ram\u00f3n el padre de la novia, Dolores Su\u00e1rez. Piso del que hab\u00eda de decir despu\u00e9s que \u00abera el rinc\u00f3n de sus momentos felices\u00bb, all\u00ed se reun\u00eda con sus amigos avilesinos, que eran muchos, y trabajaba denodadamente en sus empe\u00f1os literarios.<\/p>\n<p style=\"margin-bottom: 0cm; line-height: 120%; text-align: justify;\">El mismo a\u00f1o de su matrimonio, publica \u00abIsabelina\u00bb, al a\u00f1o siguiente \u00abSin Testigos y a Obscuras\u00bb, van apareciendo una tras otra sus obras, porque vive \u00fanicamente para escribir, son los a\u00f1os en que recoge reconocimientos, premios y distinciones. En 1927 recibe los galardones de \u00abEl Correo Espa\u00f1ol\u00bb de Buenos Aires, en un Concurso Internacional de Cuentos. El del \u00abImparcial\u00bb de Madrid por su Cuento \u00abLos Flacos de la Soberbia\u00bb, seleccionado entre 728, y en Avil\u00e9s el de su semblanza del fil\u00f3sofo, Estanislao S\u00e1nchez Calvo,<\/p>\n<p style=\"margin-bottom: 0cm; line-height: 120%; text-align: justify;\">Llegan despu\u00e9s los d\u00edas en los que, la implantaci\u00f3n de la Rep\u00fablica, se presenta a los ojos de muchos espa\u00f1oles como una esperanzadora soluci\u00f3n a los enconados problemas de Espa\u00f1a, y \u00abEspa\u00f1olito\u00bb, republicano convencido, admirador de Don Manuel Aza\u00f1a, tanto por la belleza literaria de su pluma como por sus ideas y, quiz\u00e1s como \u00e9l, \u00abun so\u00f1ador sin ventura\u00bb, como ahora se dice, trabaja denodadamente ocupando varios cargos en el Patronato de Misiones Pedag\u00f3gicas, sin abandonar su creaci\u00f3n literaria,<\/p>\n<p style=\"margin-bottom: 0cm; line-height: 120%; text-align: justify;\">En 1930, da a la Imprenta la selecci\u00f3n de Cuentos y Semblanzas de sus autores, como \u00e9l dice, con el fin de \u00abrecordar a tantos escritores olvidados, a\u00fan en su propia provincia\u00bb, titulada \u00abCuentistas Asturianos\u00bb y, en 1935 experimenta, sin duda, la mayor satisfacci\u00f3n de su vida literaria al ver sucesivamente, en los escaparates, los tres primeros tomos de lo que es sin duda su obra maestra a la que dedic\u00f3 a\u00f1os de paciente trabajo, el \u00abIndice Bio-bibliogr\u00e1fico de escritores y artistas asturianos\u00bb, empe\u00f1o editorial que para ser realidad precis\u00f3 que su autor se desprendiera de la propiedad de una casa en Sabugo,<\/p>\n<p style=\"margin-bottom: 0cm; line-height: 120%; text-align: justify;\">La guerra le sorprende en Madrid, antes de iniciar la obligada visita veraniega a Avil\u00e9s, cuando la contienda termina, como \u00e9l mismo relatara en su laureado cuento \u00abLos Flacos de la Soberbia\u00bb que le sucediera a Pin de la Llosa por culpa de sus amores con Carmelina&#8230; \u00abcomo si lo chupara la guaxa\u00bb &#8230; Hab\u00eda perdido 45 kg. de peso, era otro hombre.<\/p>\n<p style=\"margin-bottom: 0cm; line-height: 120%; text-align: justify;\">Vivi\u00f3 primero el desenga\u00f1o y la amargura de realidades que no encajaban en su talante de hombre bueno, el desorden y la violencia derrumbaron su idealismo, y despu\u00e9s soport\u00f3 la tragedia de aquella lucha encarnizada que atorment\u00f3 su sensibilidad de artista, ocasionando estragos en su esp\u00edritu, muy superiores a los que pod\u00edan descubrirse a simple vista.<\/p>\n<p style=\"margin-bottom: 0cm; line-height: 120%; text-align: justify;\">El 4 de Marzo de 1941, fallece en Madrid, no sin dejar completamete acabados, como se\u00f1alamos, los cuatro tomos del Indice Bio-bibliogr\u00e1fico, la obra de su vida y, tambi\u00e9n, algunos otros trabajos in\u00e9ditos entre ellos una extensa biograf\u00eda de Don Alvaro Florez Estrada. Ten\u00eda 50 a\u00f1os y medio menos seis d\u00edas.<\/p>\n<p style=\"margin-bottom: 0cm; line-height: 120%; text-align: justify;\">Sus restos fueron trasladados en 1952 al Pante\u00f3n familiar del Cementerio de la Carriona, donde reposan.<\/p>\n<p>[\/et_pb_text][\/et_pb_column][\/et_pb_row][\/et_pb_section]<\/p>\n","protected":false},"excerpt":{"rendered":"<p>El texto que sigue se debe a la pluma de D. Justo Ure\u00f1a y Hevia, ha sido extraido de la conferencia que iba a leer con motivo del centenario del nacimiento de Constantino Su\u00e1rez en el Instituto de Estudios Asturianos. Constantino Federico Nicolas Su\u00e1rez Fern\u00e1ndez, naci\u00f3, en el avilesino barrio de Sabugo, el 10 de [&hellip;]<\/p>\n","protected":false},"author":2,"featured_media":0,"parent":0,"menu_order":0,"comment_status":"closed","ping_status":"closed","template":"","meta":{"_et_pb_use_builder":"on","_et_pb_old_content":"","_et_gb_content_width":"","footnotes":""},"class_list":["post-77","page","type-page","status-publish","hentry"],"_links":{"self":[{"href":"https:\/\/xn--espaolito-o6a.es\/index.php\/wp-json\/wp\/v2\/pages\/77","targetHints":{"allow":["GET"]}}],"collection":[{"href":"https:\/\/xn--espaolito-o6a.es\/index.php\/wp-json\/wp\/v2\/pages"}],"about":[{"href":"https:\/\/xn--espaolito-o6a.es\/index.php\/wp-json\/wp\/v2\/types\/page"}],"author":[{"embeddable":true,"href":"https:\/\/xn--espaolito-o6a.es\/index.php\/wp-json\/wp\/v2\/users\/2"}],"replies":[{"embeddable":true,"href":"https:\/\/xn--espaolito-o6a.es\/index.php\/wp-json\/wp\/v2\/comments?post=77"}],"version-history":[{"count":23,"href":"https:\/\/xn--espaolito-o6a.es\/index.php\/wp-json\/wp\/v2\/pages\/77\/revisions"}],"predecessor-version":[{"id":8174,"href":"https:\/\/xn--espaolito-o6a.es\/index.php\/wp-json\/wp\/v2\/pages\/77\/revisions\/8174"}],"wp:attachment":[{"href":"https:\/\/xn--espaolito-o6a.es\/index.php\/wp-json\/wp\/v2\/media?parent=77"}],"curies":[{"name":"wp","href":"https:\/\/api.w.org\/{rel}","templated":true}]}}