{"id":8223,"date":"2023-10-24T17:57:04","date_gmt":"2023-10-24T17:57:04","guid":{"rendered":"https:\/\/xn--espaolito-o6a.es\/?page_id=8223"},"modified":"2024-12-04T14:39:50","modified_gmt":"2024-12-04T14:39:50","slug":"cuentistas-asturianos","status":"publish","type":"page","link":"https:\/\/xn--espaolito-o6a.es\/index.php\/cuentistas-asturianos\/","title":{"rendered":"CUENTISTAS ASTURIANOS"},"content":{"rendered":"<p><strong>CUENTISTAS ASTURIANOS (1930)<\/strong><\/p>\n<p><em>Recopilaci\u00f3n de autores asturianos desconocidos y consagrados con una presentaci\u00f3n a modo de biograf\u00eda, esbozo de la futura enciclopedia que publicar\u00eda el autor.<\/em><\/p>\n<hr \/>\n<a href=\"\/?pdfemb-serveurl=https%3A%2F%2Fxn--espaolito-o6a.es%2Fwp-content%2Fuploads%2Fsecurepdfs%2F2023%2F10%2FCUENTISTAS-ASTURIANOS-1930.pdf\" class=\"pdfemb-viewer\" style=\"\" data-width=\"max\" data-height=\"max\" data-mobile-width=\"500\"  data-scrollbar=\"vertical\" data-download=\"off\" data-tracking=\"on\" data-newwindow=\"on\" data-pagetextbox=\"off\" data-scrolltotop=\"on\" data-startzoom=\"100\" data-startfpzoom=\"100\" data-download-nonce=\"ab6d381eb3\" data-disablerightclick=\"on\" data-toolbar=\"top\" data-toolbar-fixed=\"on\">CUENTISTAS ASTURIANOS (1930)<br\/><\/a>\n","protected":false},"excerpt":{"rendered":"<p>CUENTISTAS ASTURIANOS (1930) Recopilaci\u00f3n de autores asturianos desconocidos y consagrados con una presentaci\u00f3n a modo de biograf\u00eda, esbozo de la futura enciclopedia que publicar\u00eda el autor.<\/p>\n","protected":false},"author":1,"featured_media":0,"parent":0,"menu_order":0,"comment_status":"closed","ping_status":"closed","template":"","meta":{"_et_pb_use_builder":"","_et_pb_old_content":"","_et_gb_content_width":"","footnotes":""},"class_list":["post-8223","page","type-page","status-publish","hentry"],"_links":{"self":[{"href":"https:\/\/xn--espaolito-o6a.es\/index.php\/wp-json\/wp\/v2\/pages\/8223","targetHints":{"allow":["GET"]}}],"collection":[{"href":"https:\/\/xn--espaolito-o6a.es\/index.php\/wp-json\/wp\/v2\/pages"}],"about":[{"href":"https:\/\/xn--espaolito-o6a.es\/index.php\/wp-json\/wp\/v2\/types\/page"}],"author":[{"embeddable":true,"href":"https:\/\/xn--espaolito-o6a.es\/index.php\/wp-json\/wp\/v2\/users\/1"}],"replies":[{"embeddable":true,"href":"https:\/\/xn--espaolito-o6a.es\/index.php\/wp-json\/wp\/v2\/comments?post=8223"}],"version-history":[{"count":3,"href":"https:\/\/xn--espaolito-o6a.es\/index.php\/wp-json\/wp\/v2\/pages\/8223\/revisions"}],"predecessor-version":[{"id":8277,"href":"https:\/\/xn--espaolito-o6a.es\/index.php\/wp-json\/wp\/v2\/pages\/8223\/revisions\/8277"}],"wp:attachment":[{"href":"https:\/\/xn--espaolito-o6a.es\/index.php\/wp-json\/wp\/v2\/media?parent=8223"}],"curies":[{"name":"wp","href":"https:\/\/api.w.org\/{rel}","templated":true}]}}