{"id":8226,"date":"2023-10-24T18:01:11","date_gmt":"2023-10-24T18:01:11","guid":{"rendered":"https:\/\/xn--espaolito-o6a.es\/?page_id=8226"},"modified":"2024-12-04T14:41:57","modified_gmt":"2024-12-04T14:41:57","slug":"sanchez-calvo","status":"publish","type":"page","link":"https:\/\/xn--espaolito-o6a.es\/index.php\/sanchez-calvo\/","title":{"rendered":"E. S\u00c1NCHEZ CALVO &#8211; APUNTACIONES BIOGR\u00c1FICAS"},"content":{"rendered":"<p><strong>E. S\u00c1NCHEZ CALVO &#8211; APUNTACIONES BIOGR\u00c1FICAS (1931)<br \/>\n<\/strong><\/p>\n<p><em>Breve semblanza sobre el avilesino Estanislao S\u00e1nchez Calvo y sus originales teor\u00edas teos\u00f3ficas.<\/em><\/p>\n<hr \/>\n<a href=\"\/?pdfemb-serveurl=https%3A%2F%2Fxn--espaolito-o6a.es%2Fwp-content%2Fuploads%2Fsecurepdfs%2F2023%2F10%2FE.SANCHEZ-CALVO.APUNTACIONES-BIOGRAFICAS-1928.pdf\" class=\"pdfemb-viewer\" style=\"\" data-width=\"max\" data-height=\"max\" data-mobile-width=\"500\"  data-scrollbar=\"vertical\" data-download=\"off\" data-tracking=\"on\" data-newwindow=\"on\" data-pagetextbox=\"off\" data-scrolltotop=\"on\" data-startzoom=\"100\" data-startfpzoom=\"100\" data-download-nonce=\"ccd3bb62be\" data-disablerightclick=\"on\" data-toolbar=\"top\" data-toolbar-fixed=\"on\">E.SANCHEZ CALVO.APUNTACIONES BIOGRAFICAS (1928)<br\/><\/a>\n","protected":false},"excerpt":{"rendered":"<p>E. S\u00c1NCHEZ CALVO &#8211; APUNTACIONES BIOGR\u00c1FICAS (1931) Breve semblanza sobre el avilesino Estanislao S\u00e1nchez Calvo y sus originales teor\u00edas teos\u00f3ficas.<\/p>\n","protected":false},"author":1,"featured_media":0,"parent":0,"menu_order":0,"comment_status":"closed","ping_status":"closed","template":"","meta":{"_et_pb_use_builder":"","_et_pb_old_content":"","_et_gb_content_width":"","footnotes":""},"class_list":["post-8226","page","type-page","status-publish","hentry"],"_links":{"self":[{"href":"https:\/\/xn--espaolito-o6a.es\/index.php\/wp-json\/wp\/v2\/pages\/8226","targetHints":{"allow":["GET"]}}],"collection":[{"href":"https:\/\/xn--espaolito-o6a.es\/index.php\/wp-json\/wp\/v2\/pages"}],"about":[{"href":"https:\/\/xn--espaolito-o6a.es\/index.php\/wp-json\/wp\/v2\/types\/page"}],"author":[{"embeddable":true,"href":"https:\/\/xn--espaolito-o6a.es\/index.php\/wp-json\/wp\/v2\/users\/1"}],"replies":[{"embeddable":true,"href":"https:\/\/xn--espaolito-o6a.es\/index.php\/wp-json\/wp\/v2\/comments?post=8226"}],"version-history":[{"count":4,"href":"https:\/\/xn--espaolito-o6a.es\/index.php\/wp-json\/wp\/v2\/pages\/8226\/revisions"}],"predecessor-version":[{"id":8280,"href":"https:\/\/xn--espaolito-o6a.es\/index.php\/wp-json\/wp\/v2\/pages\/8226\/revisions\/8280"}],"wp:attachment":[{"href":"https:\/\/xn--espaolito-o6a.es\/index.php\/wp-json\/wp\/v2\/media?parent=8226"}],"curies":[{"name":"wp","href":"https:\/\/api.w.org\/{rel}","templated":true}]}}