{"id":8229,"date":"2023-10-24T18:05:47","date_gmt":"2023-10-24T18:05:47","guid":{"rendered":"https:\/\/xn--espaolito-o6a.es\/?page_id=8229"},"modified":"2024-12-04T14:44:16","modified_gmt":"2024-12-04T14:44:16","slug":"escritores-espanoles","status":"publish","type":"page","link":"https:\/\/xn--espaolito-o6a.es\/index.php\/escritores-espanoles\/","title":{"rendered":"ESCRITORES ESPA\u00d1OLES"},"content":{"rendered":"<p><strong>ESCRITORES ESPA\u00d1OLES (1933)<br \/>\n<\/strong><\/p>\n<p><em>Recopilaci\u00f3n de autores y textos de toda \u00e9poca para \u201cllevar a conocimiento de los muchachos espa\u00f1oles en edad escolar una elemental difusi\u00f3n de nuestros principales valores literarios\u201d.<\/em><\/p>\n<hr \/>\n<a href=\"\/?pdfemb-serveurl=https%3A%2F%2Fxn--espaolito-o6a.es%2Fwp-content%2Fuploads%2Fsecurepdfs%2F2023%2F10%2FESCRITORES-ESPANOLES-1933.pdf\" class=\"pdfemb-viewer\" style=\"\" data-width=\"max\" data-height=\"max\" data-mobile-width=\"500\"  data-scrollbar=\"vertical\" data-download=\"off\" data-tracking=\"on\" data-newwindow=\"on\" data-pagetextbox=\"off\" data-scrolltotop=\"on\" data-startzoom=\"100\" data-startfpzoom=\"100\" data-download-nonce=\"94bfcf45df\" data-disablerightclick=\"on\" data-toolbar=\"top\" data-toolbar-fixed=\"on\">ESCRITORES ESPA\u00d1OLES (1933)<br\/><\/a>\n","protected":false},"excerpt":{"rendered":"<p>ESCRITORES ESPA\u00d1OLES (1933) Recopilaci\u00f3n de autores y textos de toda \u00e9poca para \u201cllevar a conocimiento de los muchachos espa\u00f1oles en edad escolar una elemental difusi\u00f3n de nuestros principales valores literarios\u201d.<\/p>\n","protected":false},"author":1,"featured_media":0,"parent":0,"menu_order":0,"comment_status":"closed","ping_status":"closed","template":"","meta":{"_et_pb_use_builder":"","_et_pb_old_content":"","_et_gb_content_width":"","footnotes":""},"class_list":["post-8229","page","type-page","status-publish","hentry"],"_links":{"self":[{"href":"https:\/\/xn--espaolito-o6a.es\/index.php\/wp-json\/wp\/v2\/pages\/8229","targetHints":{"allow":["GET"]}}],"collection":[{"href":"https:\/\/xn--espaolito-o6a.es\/index.php\/wp-json\/wp\/v2\/pages"}],"about":[{"href":"https:\/\/xn--espaolito-o6a.es\/index.php\/wp-json\/wp\/v2\/types\/page"}],"author":[{"embeddable":true,"href":"https:\/\/xn--espaolito-o6a.es\/index.php\/wp-json\/wp\/v2\/users\/1"}],"replies":[{"embeddable":true,"href":"https:\/\/xn--espaolito-o6a.es\/index.php\/wp-json\/wp\/v2\/comments?post=8229"}],"version-history":[{"count":2,"href":"https:\/\/xn--espaolito-o6a.es\/index.php\/wp-json\/wp\/v2\/pages\/8229\/revisions"}],"predecessor-version":[{"id":8281,"href":"https:\/\/xn--espaolito-o6a.es\/index.php\/wp-json\/wp\/v2\/pages\/8229\/revisions\/8281"}],"wp:attachment":[{"href":"https:\/\/xn--espaolito-o6a.es\/index.php\/wp-json\/wp\/v2\/media?parent=8229"}],"curies":[{"name":"wp","href":"https:\/\/api.w.org\/{rel}","templated":true}]}}