{"id":8235,"date":"2023-10-24T18:10:18","date_gmt":"2023-10-24T18:10:18","guid":{"rendered":"https:\/\/xn--espaolito-o6a.es\/?page_id=8235"},"modified":"2024-12-04T14:46:53","modified_gmt":"2024-12-04T14:46:53","slug":"galicia-calumniada","status":"publish","type":"page","link":"https:\/\/xn--espaolito-o6a.es\/index.php\/galicia-calumniada\/","title":{"rendered":"GALICIA CALUMNIADA"},"content":{"rendered":"<p><strong>GALICIA CALUMNIADA (1923)<br \/>\n<\/strong><\/p>\n<p><em>Libro de viajes donde Espa\u00f1olito esboza su visi\u00f3n de Galicia, intentando dar de ella una imagen diferente a la que \u00e9l hab\u00eda percibido en Am\u00e9rica. Encuentros con intelectuales, visitas a monumentos, descripciones de paisajes\u2026 un paseo desde Mondo\u00f1edo a Monforte de Lemos recorriendo las cuatro provincias.<\/em><\/p>\n<hr \/>\n<a href=\"\/?pdfemb-serveurl=https%3A%2F%2Fxn--espaolito-o6a.es%2Fwp-content%2Fuploads%2Fsecurepdfs%2F2023%2F10%2FGALICIA-LA-CALUMNIADA-1923.pdf\" class=\"pdfemb-viewer\" style=\"\" data-width=\"max\" data-height=\"max\" data-mobile-width=\"500\"  data-scrollbar=\"vertical\" data-download=\"off\" data-tracking=\"on\" data-newwindow=\"on\" data-pagetextbox=\"off\" data-scrolltotop=\"on\" data-startzoom=\"100\" data-startfpzoom=\"100\" data-download-nonce=\"511affe2ce\" data-disablerightclick=\"on\" data-toolbar=\"top\" data-toolbar-fixed=\"on\">GALICIA LA CALUMNIADA (1923)<br\/><\/a>\n","protected":false},"excerpt":{"rendered":"<p>GALICIA CALUMNIADA (1923) Libro de viajes donde Espa\u00f1olito esboza su visi\u00f3n de Galicia, intentando dar de ella una imagen diferente a la que \u00e9l hab\u00eda percibido en Am\u00e9rica. Encuentros con intelectuales, visitas a monumentos, descripciones de paisajes\u2026 un paseo desde Mondo\u00f1edo a Monforte de Lemos recorriendo las cuatro provincias.<\/p>\n","protected":false},"author":1,"featured_media":0,"parent":0,"menu_order":0,"comment_status":"closed","ping_status":"closed","template":"","meta":{"_et_pb_use_builder":"","_et_pb_old_content":"","_et_gb_content_width":"","footnotes":""},"class_list":["post-8235","page","type-page","status-publish","hentry"],"_links":{"self":[{"href":"https:\/\/xn--espaolito-o6a.es\/index.php\/wp-json\/wp\/v2\/pages\/8235","targetHints":{"allow":["GET"]}}],"collection":[{"href":"https:\/\/xn--espaolito-o6a.es\/index.php\/wp-json\/wp\/v2\/pages"}],"about":[{"href":"https:\/\/xn--espaolito-o6a.es\/index.php\/wp-json\/wp\/v2\/types\/page"}],"author":[{"embeddable":true,"href":"https:\/\/xn--espaolito-o6a.es\/index.php\/wp-json\/wp\/v2\/users\/1"}],"replies":[{"embeddable":true,"href":"https:\/\/xn--espaolito-o6a.es\/index.php\/wp-json\/wp\/v2\/comments?post=8235"}],"version-history":[{"count":2,"href":"https:\/\/xn--espaolito-o6a.es\/index.php\/wp-json\/wp\/v2\/pages\/8235\/revisions"}],"predecessor-version":[{"id":8283,"href":"https:\/\/xn--espaolito-o6a.es\/index.php\/wp-json\/wp\/v2\/pages\/8235\/revisions\/8283"}],"wp:attachment":[{"href":"https:\/\/xn--espaolito-o6a.es\/index.php\/wp-json\/wp\/v2\/media?parent=8235"}],"curies":[{"name":"wp","href":"https:\/\/api.w.org\/{rel}","templated":true}]}}