{"id":8244,"date":"2023-10-24T18:19:49","date_gmt":"2023-10-24T18:19:49","guid":{"rendered":"https:\/\/xn--espaolito-o6a.es\/?page_id=8244"},"modified":"2024-12-04T14:53:48","modified_gmt":"2024-12-04T14:53:48","slug":"sin-testigos-y-a-oscuras","status":"publish","type":"page","link":"https:\/\/xn--espaolito-o6a.es\/index.php\/sin-testigos-y-a-oscuras\/","title":{"rendered":"SIN TESTIGOS Y A OSCURAS"},"content":{"rendered":"<p><strong>SIN TESTIGOS Y A OSCURAS (1924)<br \/>\n<\/strong><\/p>\n<p><em>Novela que trascurre en Puertoalegre (Luanco) tras la Primera Guerra Mundial y muestra el ambiente moral de una peque\u00f1a villa, los chismes y peque\u00f1as soberbias a trav\u00e9s de una historia de amor\u00edos.<\/em><\/p>\n<p><em>\u00a0<\/em><\/p>\n<hr \/>\n<a href=\"\/?pdfemb-serveurl=https%3A%2F%2Fxn--espaolito-o6a.es%2Fwp-content%2Fuploads%2Fsecurepdfs%2F2023%2F10%2FSIN-TESTIGOS-Y-A-OSCURAS-1924.pdf\" class=\"pdfemb-viewer\" style=\"\" data-width=\"max\" data-height=\"max\" data-mobile-width=\"500\"  data-scrollbar=\"vertical\" data-download=\"off\" data-tracking=\"on\" data-newwindow=\"on\" data-pagetextbox=\"off\" data-scrolltotop=\"on\" data-startzoom=\"100\" data-startfpzoom=\"100\" data-download-nonce=\"645ec09fce\" data-disablerightclick=\"on\" data-toolbar=\"top\" data-toolbar-fixed=\"on\">SIN TESTIGOS Y A OSCURAS (1924)<br\/><\/a>\n","protected":false},"excerpt":{"rendered":"<p>SIN TESTIGOS Y A OSCURAS (1924) Novela que trascurre en Puertoalegre (Luanco) tras la Primera Guerra Mundial y muestra el ambiente moral de una peque\u00f1a villa, los chismes y peque\u00f1as soberbias a trav\u00e9s de una historia de amor\u00edos. \u00a0<\/p>\n","protected":false},"author":1,"featured_media":0,"parent":0,"menu_order":0,"comment_status":"closed","ping_status":"closed","template":"","meta":{"_et_pb_use_builder":"","_et_pb_old_content":"","_et_gb_content_width":"","footnotes":""},"class_list":["post-8244","page","type-page","status-publish","hentry"],"_links":{"self":[{"href":"https:\/\/xn--espaolito-o6a.es\/index.php\/wp-json\/wp\/v2\/pages\/8244","targetHints":{"allow":["GET"]}}],"collection":[{"href":"https:\/\/xn--espaolito-o6a.es\/index.php\/wp-json\/wp\/v2\/pages"}],"about":[{"href":"https:\/\/xn--espaolito-o6a.es\/index.php\/wp-json\/wp\/v2\/types\/page"}],"author":[{"embeddable":true,"href":"https:\/\/xn--espaolito-o6a.es\/index.php\/wp-json\/wp\/v2\/users\/1"}],"replies":[{"embeddable":true,"href":"https:\/\/xn--espaolito-o6a.es\/index.php\/wp-json\/wp\/v2\/comments?post=8244"}],"version-history":[{"count":2,"href":"https:\/\/xn--espaolito-o6a.es\/index.php\/wp-json\/wp\/v2\/pages\/8244\/revisions"}],"predecessor-version":[{"id":8287,"href":"https:\/\/xn--espaolito-o6a.es\/index.php\/wp-json\/wp\/v2\/pages\/8244\/revisions\/8287"}],"wp:attachment":[{"href":"https:\/\/xn--espaolito-o6a.es\/index.php\/wp-json\/wp\/v2\/media?parent=8244"}],"curies":[{"name":"wp","href":"https:\/\/api.w.org\/{rel}","templated":true}]}}