{"id":8247,"date":"2023-10-24T18:22:16","date_gmt":"2023-10-24T18:22:16","guid":{"rendered":"https:\/\/xn--espaolito-o6a.es\/?page_id=8247"},"modified":"2024-12-04T14:54:40","modified_gmt":"2024-12-04T14:54:40","slug":"un-hombre-de-nuestro-tiempo","status":"publish","type":"page","link":"https:\/\/xn--espaolito-o6a.es\/index.php\/un-hombre-de-nuestro-tiempo\/","title":{"rendered":"UN HOMBRE DE NUESTRO TIEMPO"},"content":{"rendered":"<p><strong>UN HOMBRE DE NUESTRO TIEMPO (1931)<br \/>\n<\/strong><\/p>\n<p><em>Novela donde Jos\u00e9 Valliniello retorna a su Miracielo (Avil\u00e9s) natal como un hombre de \u00e9xito propici\u00e1ndole preocupaciones sobre la situaci\u00f3n espa\u00f1ola y la de su familia. Novela con tintes autobiogr\u00e1ficos.<\/em><\/p>\n<hr \/>\n<a href=\"\/?pdfemb-serveurl=https%3A%2F%2Fxn--espaolito-o6a.es%2Fwp-content%2Fuploads%2Fsecurepdfs%2F2023%2F10%2FUN-HOMBRE-DE-NUESTRO-TIEMPO-1931.pdf\" class=\"pdfemb-viewer\" style=\"\" data-width=\"max\" data-height=\"max\" data-mobile-width=\"500\"  data-scrollbar=\"vertical\" data-download=\"off\" data-tracking=\"on\" data-newwindow=\"on\" data-pagetextbox=\"off\" data-scrolltotop=\"on\" data-startzoom=\"100\" data-startfpzoom=\"100\" data-download-nonce=\"193d21e8b6\" data-disablerightclick=\"on\" data-toolbar=\"top\" data-toolbar-fixed=\"on\">UN HOMBRE DE NUESTRO TIEMPO (1931)<br\/><\/a>\n","protected":false},"excerpt":{"rendered":"<p>UN HOMBRE DE NUESTRO TIEMPO (1931) Novela donde Jos\u00e9 Valliniello retorna a su Miracielo (Avil\u00e9s) natal como un hombre de \u00e9xito propici\u00e1ndole preocupaciones sobre la situaci\u00f3n espa\u00f1ola y la de su familia. Novela con tintes autobiogr\u00e1ficos.<\/p>\n","protected":false},"author":1,"featured_media":0,"parent":0,"menu_order":0,"comment_status":"closed","ping_status":"closed","template":"","meta":{"_et_pb_use_builder":"","_et_pb_old_content":"","_et_gb_content_width":"","footnotes":""},"class_list":["post-8247","page","type-page","status-publish","hentry"],"_links":{"self":[{"href":"https:\/\/xn--espaolito-o6a.es\/index.php\/wp-json\/wp\/v2\/pages\/8247","targetHints":{"allow":["GET"]}}],"collection":[{"href":"https:\/\/xn--espaolito-o6a.es\/index.php\/wp-json\/wp\/v2\/pages"}],"about":[{"href":"https:\/\/xn--espaolito-o6a.es\/index.php\/wp-json\/wp\/v2\/types\/page"}],"author":[{"embeddable":true,"href":"https:\/\/xn--espaolito-o6a.es\/index.php\/wp-json\/wp\/v2\/users\/1"}],"replies":[{"embeddable":true,"href":"https:\/\/xn--espaolito-o6a.es\/index.php\/wp-json\/wp\/v2\/comments?post=8247"}],"version-history":[{"count":2,"href":"https:\/\/xn--espaolito-o6a.es\/index.php\/wp-json\/wp\/v2\/pages\/8247\/revisions"}],"predecessor-version":[{"id":8288,"href":"https:\/\/xn--espaolito-o6a.es\/index.php\/wp-json\/wp\/v2\/pages\/8247\/revisions\/8288"}],"wp:attachment":[{"href":"https:\/\/xn--espaolito-o6a.es\/index.php\/wp-json\/wp\/v2\/media?parent=8247"}],"curies":[{"name":"wp","href":"https:\/\/api.w.org\/{rel}","templated":true}]}}